{"id":171,"date":"2014-01-14T11:51:05","date_gmt":"2014-01-14T10:51:05","guid":{"rendered":"http:\/\/www.oliverburian.cz\/?page_id=171"},"modified":"2014-01-30T19:16:43","modified_gmt":"2014-01-30T18:16:43","slug":"welcome","status":"publish","type":"page","link":"https:\/\/www.oliverburian.cz\/?page_id=171","title":{"rendered":"WELCOME!"},"content":{"rendered":"<p><strong>V\u00edtej na m\u00fdch str\u00e1nk\u00e1ch a v\u011bz, \u017ee pokud se chce\u0161 je\u0161t\u011b vr\u00e1tit, ka\u017ed\u00e9ho t\u0159in\u00e1ct\u00e9ho v m\u011bs\u00edci, budou str\u00e1nky dopln\u011bny nov\u00fdmi texty \u010di obr\u00e1zky.<\/strong><\/p>\n<p>Oliver<\/p>\n","protected":false},"excerpt":{"rendered":"<p>V\u00edtej na m\u00fdch str\u00e1nk\u00e1ch a v\u011bz, \u017ee pokud se chce\u0161 je\u0161t\u011b vr\u00e1tit, ka\u017ed\u00e9ho t\u0159in\u00e1ct\u00e9ho v m\u011bs\u00edci, budou str\u00e1nky dopln\u011bny nov\u00fdmi texty \u010di obr\u00e1zky. Oliver<\/p>\n","protected":false},"author":1,"featured_media":0,"parent":0,"menu_order":0,"comment_status":"open","ping_status":"closed","template":"","meta":[],"_links":{"self":[{"href":"https:\/\/www.oliverburian.cz\/index.php?rest_route=\/wp\/v2\/pages\/171"}],"collection":[{"href":"https:\/\/www.oliverburian.cz\/index.php?rest_route=\/wp\/v2\/pages"}],"about":[{"href":"https:\/\/www.oliverburian.cz\/index.php?rest_route=\/wp\/v2\/types\/page"}],"author":[{"embeddable":true,"href":"https:\/\/www.oliverburian.cz\/index.php?rest_route=\/wp\/v2\/users\/1"}],"replies":[{"embeddable":true,"href":"https:\/\/www.oliverburian.cz\/index.php?rest_route=%2Fwp%2Fv2%2Fcomments&post=171"}],"version-history":[{"count":8,"href":"https:\/\/www.oliverburian.cz\/index.php?rest_route=\/wp\/v2\/pages\/171\/revisions"}],"predecessor-version":[{"id":517,"href":"https:\/\/www.oliverburian.cz\/index.php?rest_route=\/wp\/v2\/pages\/171\/revisions\/517"}],"wp:attachment":[{"href":"https:\/\/www.oliverburian.cz\/index.php?rest_route=%2Fwp%2Fv2%2Fmedia&parent=171"}],"curies":[{"name":"wp","href":"https:\/\/api.w.org\/{rel}","templated":true}]}}